{"id":434,"date":"2022-03-10T17:18:16","date_gmt":"2022-03-10T16:18:16","guid":{"rendered":"https:\/\/legia.alfcommunication.com\/?page_id=434"},"modified":"2022-04-09T17:10:15","modified_gmt":"2022-04-09T15:10:15","slug":"acheter","status":"publish","type":"page","link":"https:\/\/legia-auction.com\/en\/acheter\/","title":{"rendered":"To Buy"},"content":{"rendered":"<div data-elementor-type=\"wp-page\" data-elementor-id=\"434\" class=\"elementor elementor-434\" data-elementor-post-type=\"page\">\n\t\t\t\t\t\t<section class=\"elementor-section elementor-top-section elementor-element elementor-element-f11a37d elementor-section-boxed elementor-section-height-default elementor-section-height-default\" data-id=\"f11a37d\" data-element_type=\"section\" data-e-type=\"section\">\n\t\t\t\t\t\t<div class=\"elementor-container elementor-column-gap-default\">\n\t\t\t\t\t<div class=\"elementor-column elementor-col-100 elementor-top-column elementor-element elementor-element-32a15ad\" data-id=\"32a15ad\" data-element_type=\"column\" data-e-type=\"column\">\n\t\t\t<div class=\"elementor-widget-wrap elementor-element-populated\">\n\t\t\t\t\t\t<section class=\"elementor-section elementor-inner-section elementor-element elementor-element-d07d742 elementor-section-full_width elementor-section-height-default elementor-section-height-default\" data-id=\"d07d742\" data-element_type=\"section\" data-e-type=\"section\">\n\t\t\t\t\t\t<div class=\"elementor-container elementor-column-gap-default\">\n\t\t\t\t\t<div class=\"elementor-column elementor-col-50 elementor-inner-column elementor-element elementor-element-d89e227\" data-id=\"d89e227\" data-element_type=\"column\" data-e-type=\"column\">\n\t\t\t<div class=\"elementor-widget-wrap elementor-element-populated\">\n\t\t\t\t\t\t<div class=\"elementor-element elementor-element-24db165 elementor-view-framed elementor-shape-circle elementor-widget elementor-widget-icon\" data-id=\"24db165\" data-element_type=\"widget\" data-e-type=\"widget\" data-widget_type=\"icon.default\">\n\t\t\t\t<div class=\"elementor-widget-container\">\n\t\t\t\t\t\t\t<div class=\"elementor-icon-wrapper\">\n\t\t\t<div class=\"elementor-icon\">\n\t\t\t<svg aria-hidden=\"true\" class=\"e-font-icon-svg e-fas-arrow-down\" viewbox=\"0 0 448 512\" xmlns=\"http:\/\/www.w3.org\/2000\/svg\"><path d=\"M413.1 222.5l22.2 22.2c9.4 9.4 9.4 24.6 0 33.9L241 473c-9.4 9.4-24.6 9.4-33.9 0L12.7 278.6c-9.4-9.4-9.4-24.6 0-33.9l22.2-22.2c9.5-9.5 25-9.3 34.3.4L184 343.4V56c0-13.3 10.7-24 24-24h32c13.3 0 24 10.7 24 24v287.4l114.8-120.5c9.3-9.8 24.8-10 34.3-.4z\"><\/path><\/svg>\t\t\t<\/div>\n\t\t<\/div>\n\t\t\t\t\t\t<\/div>\n\t\t\t\t<\/div>\n\t\t\t\t\t<\/div>\n\t\t<\/div>\n\t\t\t\t<div class=\"elementor-column elementor-col-50 elementor-inner-column elementor-element elementor-element-b821108\" data-id=\"b821108\" data-element_type=\"column\" data-e-type=\"column\">\n\t\t\t<div class=\"elementor-widget-wrap elementor-element-populated\">\n\t\t\t\t\t\t<div class=\"elementor-element elementor-element-c69754b elementor-invisible elementor-widget elementor-widget-heading\" data-id=\"c69754b\" data-element_type=\"widget\" data-e-type=\"widget\" data-settings=\"{&quot;_animation&quot;:&quot;fadeIn&quot;,&quot;_animation_delay&quot;:200}\" data-widget_type=\"heading.default\">\n\t\t\t\t<div class=\"elementor-widget-container\">\n\t\t\t\t\t<h1 class=\"elementor-heading-title elementor-size-default\">To Buy<\/h1>\t\t\t\t<\/div>\n\t\t\t\t<\/div>\n\t\t\t\t\t<\/div>\n\t\t<\/div>\n\t\t\t\t\t<\/div>\n\t\t<\/section>\n\t\t\t\t\t<\/div>\n\t\t<\/div>\n\t\t\t\t\t<\/div>\n\t\t<\/section>\n\t\t\t\t<section class=\"elementor-section elementor-top-section elementor-element elementor-element-ba75fb6 elementor-section-boxed elementor-section-height-default elementor-section-height-default\" data-id=\"ba75fb6\" data-element_type=\"section\" data-e-type=\"section\">\n\t\t\t\t\t\t<div class=\"elementor-container elementor-column-gap-default\">\n\t\t\t\t\t<div class=\"elementor-column elementor-col-100 elementor-top-column elementor-element elementor-element-8758e22\" data-id=\"8758e22\" data-element_type=\"column\" data-e-type=\"column\">\n\t\t\t<div class=\"elementor-widget-wrap elementor-element-populated\">\n\t\t\t\t\t\t<div class=\"elementor-element elementor-element-ce8eb56 elementor-widget elementor-widget-text-editor\" data-id=\"ce8eb56\" data-element_type=\"widget\" data-e-type=\"widget\" data-widget_type=\"text-editor.default\">\n\t\t\t\t<div class=\"elementor-widget-container\">\n\t\t\t\t\t\t\t\t\t<p>By definition, a public auction is open to all. Any private individual can buy. If a bidder does not see his bid topped by a higher bid, then the sale is awarded to him. Before all auctions, the items to be offered for sale are exhibited for three days: Thursdays from 10 am to 6 pm, and Fridays and Saturdays from 10 am to 6 pm, continuously.<\/p><p class=\"translation-block\">A sales catalogue can be consulted on the website www.legia-auction.com and a paper version at the auction house. The catalogue provides details of the lots to be auctioned.<\/p><p>Participation in the auction implies unconditional acceptance of the terms of sale of the   L\u00e9gia-Auction action house.<\/p><p><strong>How to participate<\/strong><\/p><p>Anyone who wants to take part in the auction registers on arrival and receives a card with bidder number. For each lot purchased he or she must show this number so that the purchases can be booked to his account.<\/p><p>Anyone unable to attend on the day of the auction has the following bidding options:<\/p><ul><li>Provide us with a purchase order: a document that is downloaded or obtained at the pre-auction exhibiting of the lots and on which the bidder indicates the lot number, description and amount he would pay to purchase it, excluding costs.<\/li><li>Provide us with an order for a telephone call for the lots for which he wishes to be contacted by the auction house. The sale is then made live just as if the bidder were present at the auction room.<\/li><li class=\"translation-block\">Indicate purchase orders under the section \u201cMy account\u201d on our website, after registering.<\/li><li class=\"translation-block\">By electronic mail to: ccntact@legia-auction.com.<\/li><\/ul><p>In the case of purchase orders for the same lot for the same amount received from different bidders, priority will be awarded to the first bid submitted.  The L\u00e9gia-Auction auction house cannot be held responsible for any mistakes reported by the purchaser when indicating or describing a lot or in giving a telephone number or other information.<\/p><p>The purchaser is deemed to be acting in his own name and on his own behalf, even for lots acquired as a proxy. He is bound by the awarding of the sale. However, the L\u00e9gia-Auction auction house remains free to refuse to award the sale, even after the auction has ended, without having to give a reason for its decision.<\/p><p class=\"translation-block\">The purchaser will pay the amount of the bid plus a commission of 25%, including VAT + 3% Drouot fee ( if purchased via the platform and  online auction) .For Automobiles see general conditions. Payment and collection of the lots must be made after the sale and within 5 days of the auction, between Monday and Friday from 10 am to noon and 2 pm to 5 pm.<\/p><p>The purchaser only acquires ownership of the item on full and final payment of the price and related costs. He cannot take delivery until this payment is final. We remind you that any risks regarding the lots are transferred in full to the purchaser as from the moment of awarding the sale. The same applies to the packaging, handling and transport.<\/p><p>In accordance with the Belgian legislation concerning copyright and similar, the purchaser is also, if applicable, liable for the resale right for the benefit of the artists and authors of the works sold, in addition to the total sale price of the item. This obligation remains even in the case when the claim for these royalties is made after the sale or collection of the lot, without any time limit.<\/p><p>L\u00e9gia-Auction will not intervene in any possible dispute concerning whether or not the resale right claim is well founded.<\/p><p><strong>How to pay the amount of your purchase:<\/strong><\/p><p>Payment is due within 5 days following the sale:<\/p><p>We accept payment:<\/p><ul><li>in cash, up to the limit of the legislation in force<\/li><li>by money transfer<\/li><li>by certified cheque<\/li><li>by bank card<\/li><\/ul><p>Our bank details:<\/p><p class=\"translation-block\">L\u00e9gia Auction &amp; Properties sprl\nRue de Cras-Avernas, 12\n4280  Hannut\nBelgique<\/p><p>VAT : BE 0560.700.679<\/p><p>CBC Banque et Assurance Hannut<br \/>Grand \u2018Place, 8<br \/>4280 Hannut<\/p><p>Iban\u00a0: BE63 73203374 2008<br \/>Bic\u00a0: CREGBEBB<\/p><p>All  payment costs and extra fees are at the expense of the buyer.<\/p><p>The lots will be made available upon full payment (deferred for payments by cheque).<\/p>\t\t\t\t\t\t\t\t<\/div>\n\t\t\t\t<\/div>\n\t\t\t\t\t<\/div>\n\t\t<\/div>\n\t\t\t\t\t<\/div>\n\t\t<\/section>\n\t\t\t\t<\/div>","protected":false},"excerpt":{"rendered":"<p>Acheter Par d\u00e9finition, la vente publique est ouverte \u00e0 tous. Tout particulier peut acheter. Si un amateur ne voit pas son ench\u00e8re couverte par une ench\u00e8re sup\u00e9rieure, l\u2019objet lui est adjug\u00e9.Toute vente aux ench\u00e8res est pr\u00e9c\u00e9d\u00e9e d\u2019une exposition de trois jours. Un catalogue de la vente est mis \u00e0 votre disposition sur le site\u00a0www.legia-auction.com\u00a0ou en [&hellip;]<\/p>\n","protected":false},"author":1,"featured_media":0,"parent":0,"menu_order":0,"comment_status":"closed","ping_status":"closed","template":"","meta":{"_acf_changed":false,"_seopress_robots_primary_cat":"","_seopress_titles_title":"","_seopress_titles_desc":"","_seopress_robots_index":"","footnotes":""},"class_list":["post-434","page","type-page","status-publish","hentry"],"acf":[],"_links":{"self":[{"href":"https:\/\/legia-auction.com\/en\/wp-json\/wp\/v2\/pages\/434","targetHints":{"allow":["GET"]}}],"collection":[{"href":"https:\/\/legia-auction.com\/en\/wp-json\/wp\/v2\/pages"}],"about":[{"href":"https:\/\/legia-auction.com\/en\/wp-json\/wp\/v2\/types\/page"}],"author":[{"embeddable":true,"href":"https:\/\/legia-auction.com\/en\/wp-json\/wp\/v2\/users\/1"}],"replies":[{"embeddable":true,"href":"https:\/\/legia-auction.com\/en\/wp-json\/wp\/v2\/comments?post=434"}],"version-history":[{"count":0,"href":"https:\/\/legia-auction.com\/en\/wp-json\/wp\/v2\/pages\/434\/revisions"}],"wp:attachment":[{"href":"https:\/\/legia-auction.com\/en\/wp-json\/wp\/v2\/media?parent=434"}],"curies":[{"name":"wp","href":"https:\/\/api.w.org\/{rel}","templated":true}]}}